{"id":435,"date":"2021-03-11T09:43:53","date_gmt":"2021-03-11T09:43:53","guid":{"rendered":"http:\/\/sound-of-praunheim.de\/?page_id=435"},"modified":"2021-03-22T15:11:14","modified_gmt":"2021-03-22T15:11:14","slug":"corona-feeling","status":"publish","type":"page","link":"https:\/\/sound-of-praunheim.de\/?page_id=435","title":{"rendered":"Corona-Feeling"},"content":{"rendered":"\n<p><\/p>\n\n\n\n<p><\/p>\n\n\n\n<p><strong>KINDERCHOR mal anders <\/strong><\/p>\n\n\n\n<p>Seit mehr als 1 Jahr stellt\n\u201eCorona\u201c die Probenarbeit des Kinderchores auf den Kopf. Doch wir lassen uns nicht\nunterkriegen und treffen uns derzeit mittwochs via ZOOM.<\/p>\n\n\n\n<p>Dass man auch \u201eauf\nEntfernung\u201c etwas Musikalisches auf die Beine stellen kann, seht ihr in unserem\n\u201eCorona-Samba-Feeling-Video. Viel Spass w\u00fcnscht der Kinderchor Praunheim<a href=\"https:\/\/www.youtube.com\/watch?v=SPp3GR7djYw\"><strong>L<\/strong><\/a><\/p>\n\n\n\n<figure class=\"wp-block-embed-youtube wp-block-embed is-type-video is-provider-youtube wp-embed-aspect-16-9 wp-has-aspect-ratio\"><div class=\"wp-block-embed__wrapper\">\n<iframe loading=\"lazy\" title=\"kinder band video\" width=\"656\" height=\"369\" src=\"https:\/\/www.youtube.com\/embed\/SPp3GR7djYw?feature=oembed\" frameborder=\"0\" allow=\"accelerometer; autoplay; clipboard-write; encrypted-media; gyroscope; picture-in-picture; web-share\" referrerpolicy=\"strict-origin-when-cross-origin\" allowfullscreen><\/iframe>\n<\/div><\/figure>\n\n\n\n<p><strong>Hintergrund-Info\u00b4s<\/strong><\/p>\n\n\n\n<p>Am 27.1.2020 trat der erste\nCoronafall in Deutschland auf. Hatten wir anfangs noch gedacht nach dem ersten\nLockdown wieder schnell zur Normalit\u00e4t \u00fcbergehen zu k\u00f6nnen, mussten wir zur\nKenntnis nehmen, das viren\u00fcbertragende Aerosole offenbar beim engagierten\nSprechen und vor allem beim Singen zur Verbreitung von \u201eCorona\u201c beitragen. Es\nfolgte das Singverbot in geschlossenen R\u00e4umen, weder in der&nbsp; Kita noch in der Schule oder im Gottesdienst\nsollte gesungen werden. Also mussten auch die Kinderch\u00f6re vorerst die Probenarbeit\neinstellen. Hygienekonzepte wurde ausgearbeitet, ungewohnte Proben mit Abstand,\nneue Vorf\u00e4lle, wieder musste der Chor pausieren. Kontakt halten wir mit\nLiedvideos per eMail und WhatsApp. So konnte zumindest jeder Zuhause mitsingen.<\/p>\n\n\n\n<p>&nbsp;<br>Zum Ende der Sommerferien 2020 stellte sich gutes Wetter f\u00fcr Au\u00dfenproben ein und in Kombination mit einem L\u00fcftungskonzept konnten wir uns auch im Raum endlich wieder treffen.<br>Doch leider kam nach den Herbstferien wieder alles anders. In Frankfurt und dann in ganz Hessen stieg die Inzidenz rasch an&#8230;wieder keine Pr\u00e4senztreffen m\u00f6glich.<br><strong>Seit dieser Zeit treffen sich die 3 Chorgruppen des Kinderchor Praunheim tats\u00e4chlich online.<\/strong> H\u00e4tte mir jemand Anfang 2020 gesagt, dass ich via Zoom die Chorfamilien im Wohnzimmer besuche&#8230;ich wei\u00df nicht, was ich geantwortet h\u00e4tte.<\/p>\n\n\n\n<p><strong>Aber : Es funktioniert und ist eine tolle M\u00f6glichkeit in Kontakt zu bleiben<\/strong>.<br><\/p>\n\n\n\n<p>Ich m\u00f6chte aber nicht\nverschweigen, dass nicht alle Kinder daran teilnehmen wollen oder k\u00f6nnen.&nbsp; <strong>Trotzdem werden wir die ZOOM-Treffen\nweiter anbieten und laden dazu ausdr\u00fccklich auch SCHNUPPERKINDER ein.<\/strong><\/p>\n\n\n\n<p>Familien, deren Kinder Spass\nam Singen haben, d\u00fcrfen jederzeit mit mir Kontakt aufnehmen um den Einlade-Link\nf\u00fcr die Singtreffen mittwochs zu erhalten. Traut euch mitzumachen&#8230;.. und\nirgendwann lernen wir uns dann \u201ein echt\u201c kennen.<\/p>\n\n\n\n<p>Bis bald, Eure Heike Kuhn<\/p>\n","protected":false},"excerpt":{"rendered":"<p>KINDERCHOR mal anders Seit mehr als 1 Jahr stellt \u201eCorona\u201c die Probenarbeit des Kinderchores auf den Kopf. Doch wir lassen uns nicht unterkriegen und treffen uns derzeit mittwochs via ZOOM. Dass man auch \u201eauf Entfernung\u201c etwas Musikalisches auf die Beine stellen kann, seht ihr in unserem \u201eCorona-Samba-Feeling-Video. Viel Spass w\u00fcnscht der Kinderchor PraunheimL Hintergrund-Info\u00b4s Am [&hellip;]<\/p>\n","protected":false},"author":2,"featured_media":0,"parent":23,"menu_order":0,"comment_status":"closed","ping_status":"closed","template":"","meta":{"ngg_post_thumbnail":0,"footnotes":""},"class_list":["post-435","page","type-page","status-publish","hentry"],"_links":{"self":[{"href":"https:\/\/sound-of-praunheim.de\/index.php?rest_route=\/wp\/v2\/pages\/435","targetHints":{"allow":["GET"]}}],"collection":[{"href":"https:\/\/sound-of-praunheim.de\/index.php?rest_route=\/wp\/v2\/pages"}],"about":[{"href":"https:\/\/sound-of-praunheim.de\/index.php?rest_route=\/wp\/v2\/types\/page"}],"author":[{"embeddable":true,"href":"https:\/\/sound-of-praunheim.de\/index.php?rest_route=\/wp\/v2\/users\/2"}],"replies":[{"embeddable":true,"href":"https:\/\/sound-of-praunheim.de\/index.php?rest_route=%2Fwp%2Fv2%2Fcomments&post=435"}],"version-history":[{"count":10,"href":"https:\/\/sound-of-praunheim.de\/index.php?rest_route=\/wp\/v2\/pages\/435\/revisions"}],"predecessor-version":[{"id":454,"href":"https:\/\/sound-of-praunheim.de\/index.php?rest_route=\/wp\/v2\/pages\/435\/revisions\/454"}],"up":[{"embeddable":true,"href":"https:\/\/sound-of-praunheim.de\/index.php?rest_route=\/wp\/v2\/pages\/23"}],"wp:attachment":[{"href":"https:\/\/sound-of-praunheim.de\/index.php?rest_route=%2Fwp%2Fv2%2Fmedia&parent=435"}],"curies":[{"name":"wp","href":"https:\/\/api.w.org\/{rel}","templated":true}]}}