{"id":25,"date":"2018-03-17T21:30:19","date_gmt":"2018-03-17T21:30:19","guid":{"rendered":"http:\/\/sound-of-praunheim.de\/?page_id=25"},"modified":"2026-04-28T15:39:49","modified_gmt":"2026-04-28T15:39:49","slug":"termine","status":"publish","type":"page","link":"https:\/\/sound-of-praunheim.de\/?page_id=25","title":{"rendered":"Termine"},"content":{"rendered":"<p style=\"text-align: left;\">Regelm\u00e4\u00dfig treten unsere Ch\u00f6re mit ihrem jeweiligen Repertoire bei eigenen Veranstaltungen oder im Rahmen von Gastauftritten auf. Folgende Termine stehen bisher f\u00fcr die n\u00e4chsten Monate an:<\/p>\n<p>&nbsp;<\/p>\n<h2><span style=\"color: #ff0000;\"><strong>Eigene Veranstaltungen 2026<\/strong><\/span><\/h2>\n<table width=\"611\">\n<tbody>\n<tr>\n<td style=\"text-align: center;\" width=\"98\"><strong>Datum<\/strong><\/td>\n<td style=\"text-align: center;\" width=\"165\"><strong>Veranstaltung<\/strong><\/td>\n<td style=\"text-align: center;\" width=\"121\"><strong>Auftretende Ch\u00f6re<\/strong><\/td>\n<td style=\"text-align: center;\" width=\"121\"><strong>Ort<\/strong><\/td>\n<td style=\"text-align: center;\" width=\"106\"><strong>Uhrzeit<\/strong><\/td>\n<\/tr>\n<tr>\n<td style=\"text-align: center;\" width=\"98\">Samstag<br \/>\n29.08.2026<\/td>\n<td style=\"text-align: center;\" width=\"165\">Tagesausflug<br \/>\nKloster Eberbach<\/td>\n<td>&nbsp;<\/td>\n<td>&nbsp;<\/td>\n<td>&nbsp;<\/td>\n<\/tr>\n<tr>\n<td style=\"text-align: center;\" width=\"98\">Samstag<br \/>\n12.09.2026<\/td>\n<td style=\"text-align: center;\" width=\"165\">Konzert<br \/>\n&#8222;Bubikopf-D\u00e4mmerung&#8220;<br \/>\nPremiere<\/td>\n<td style=\"text-align: center;\">SingJorinas<\/td>\n<td style=\"text-align: center;\" width=\"121\">B\u00fcrgerhaus<br \/>\nBornheim<\/td>\n<td style=\"text-align: center;\">19:00 Uhr<\/td>\n<\/tr>\n<tr>\n<td style=\"text-align: center;\" width=\"98\">Sonntag<br \/>\n13.09.2026<\/td>\n<td style=\"text-align: center;\" width=\"165\">Konzert<br \/>\n&#8222;Bubikopf-D\u00e4mmerung&#8220;<\/td>\n<td style=\"text-align: center;\">SingJorinas<\/td>\n<td style=\"text-align: center;\" width=\"121\">B\u00fcrgerhaus<br \/>\nBornheim<\/td>\n<td style=\"text-align: center;\">20:00 Uhr<\/td>\n<\/tr>\n<tr>\n<td style=\"text-align: center;\" width=\"98\">Samstag<br \/>\n24.10.2026<\/td>\n<td style=\"text-align: center;\" width=\"165\">Herbstball<br \/>\n&#8222;Swing&amp;Dance&#8220;<\/td>\n<td style=\"text-align: center;\" width=\"121\">SingJorinas<br \/>\nM\u00e4nnerchor<\/td>\n<td style=\"text-align: center;\">Titusforum<\/td>\n<td style=\"text-align: center;\">19:00 Uhr<\/td>\n<\/tr>\n<tr>\n<td style=\"text-align: center;\" width=\"98\">Sonntag<br \/>\n29.11.2026<\/td>\n<td style=\"text-align: center;\" width=\"165\">Adventsmarkt Praunheim<\/td>\n<td width=\"121\">&nbsp;<\/td>\n<td style=\"text-align: center;\">Praunheim<\/td>\n<td style=\"text-align: center;\">13:00 &#8211; 19:00<\/td>\n<\/tr>\n<\/tbody>\n<\/table>\n<p>&nbsp;<\/p>\n<h2><span style=\"color: #ff0000;\"><strong>Gastauftritte 2026<\/strong><\/span><\/h2>\n<table style=\"height: 271px;\" width=\"611\">\n<tbody>\n<tr>\n<td style=\"text-align: center;\" width=\"98\"><strong>Datum<\/strong><\/td>\n<td style=\"text-align: center;\" width=\"165\"><strong>Veranstaltung<\/strong><\/td>\n<td width=\"121\"><strong>Auftretende Ch\u00f6re<\/strong><\/td>\n<td style=\"text-align: center;\" width=\"121\"><strong>Ort<\/strong><\/td>\n<td style=\"text-align: center;\" width=\"106\"><strong>Uhrzeit<\/strong><\/td>\n<\/tr>\n<tr>\n<td style=\"text-align: center;\" width=\"98\">Samstag<br \/>\n22.08.2026<\/td>\n<td style=\"text-align: center;\" width=\"165\">Zehntscheunenfest<\/td>\n<td style=\"text-align: center;\">Happy Singers<\/td>\n<td style=\"text-align: center;\">Weingarten&nbsp;<\/td>\n<td style=\"text-align: center;\">17:30 Uhr<\/td>\n<\/tr>\n<tr>\n<td style=\"text-align: center;\" width=\"98\">Samstag<br \/>\n21.11.2026<\/td>\n<td style=\"text-align: center;\" width=\"165\">Benefizauftritt &#8222;Guatemalatag&#8220;<\/td>\n<td style=\"text-align: center;\">Kinderchor<\/td>\n<td style=\"text-align: center;\" width=\"121\">Christ-K\u00f6nig-Gemeinde<\/td>\n<td style=\"text-align: center;\">16:30 Uhr<\/td>\n<\/tr>\n<tr>\n<td style=\"text-align: center;\" width=\"98\">Sonntag<br \/>\n22.11.2026<\/td>\n<td style=\"text-align: center;\" width=\"165\">Benefizauftritt &#8222;Guatemalatag&#8220;<\/td>\n<td style=\"text-align: center;\">M\u00e4nnerchor<\/td>\n<td style=\"text-align: center;\" width=\"121\">Christ-K\u00f6nig-Gemeinde<\/td>\n<td style=\"text-align: center;\">16:30 Uhr<\/td>\n<\/tr>\n<tr>\n<td style=\"text-align: center;\" width=\"98\">Freitag<br \/>\n11.12.2026<\/td>\n<td style=\"text-align: center;\" width=\"165\">Soziales Singen im Cronstettenstift<\/td>\n<td style=\"text-align: center;\" width=\"121\">M\u00e4nnerchor<\/td>\n<td style=\"text-align: center;\">Cronstettenstift<\/td>\n<td style=\"text-align: center;\">16:30 Uhr<\/td>\n<\/tr>\n<\/tbody>\n<\/table>\n<p>&nbsp;<\/p>\n<p>Irrt\u00fcmer und \u00c4nderungen vorbehalten.<\/p>\n","protected":false},"excerpt":{"rendered":"<p>Regelm\u00e4\u00dfig treten unsere Ch\u00f6re mit ihrem jeweiligen Repertoire bei eigenen Veranstaltungen oder im Rahmen von Gastauftritten auf. Folgende Termine stehen bisher f\u00fcr die n\u00e4chsten Monate an: &nbsp; Eigene Veranstaltungen 2026 Datum Veranstaltung Auftretende Ch\u00f6re Ort Uhrzeit Samstag 29.08.2026 Tagesausflug Kloster Eberbach &nbsp; &nbsp; &nbsp; Samstag 12.09.2026 Konzert &#8222;Bubikopf-D\u00e4mmerung&#8220; Premiere SingJorinas B\u00fcrgerhaus Bornheim 19:00 Uhr Sonntag [&hellip;]<\/p>\n","protected":false},"author":1,"featured_media":0,"parent":0,"menu_order":2,"comment_status":"closed","ping_status":"closed","template":"","meta":{"ngg_post_thumbnail":0,"footnotes":""},"class_list":["post-25","page","type-page","status-publish","hentry"],"_links":{"self":[{"href":"https:\/\/sound-of-praunheim.de\/index.php?rest_route=\/wp\/v2\/pages\/25","targetHints":{"allow":["GET"]}}],"collection":[{"href":"https:\/\/sound-of-praunheim.de\/index.php?rest_route=\/wp\/v2\/pages"}],"about":[{"href":"https:\/\/sound-of-praunheim.de\/index.php?rest_route=\/wp\/v2\/types\/page"}],"author":[{"embeddable":true,"href":"https:\/\/sound-of-praunheim.de\/index.php?rest_route=\/wp\/v2\/users\/1"}],"replies":[{"embeddable":true,"href":"https:\/\/sound-of-praunheim.de\/index.php?rest_route=%2Fwp%2Fv2%2Fcomments&post=25"}],"version-history":[{"count":158,"href":"https:\/\/sound-of-praunheim.de\/index.php?rest_route=\/wp\/v2\/pages\/25\/revisions"}],"predecessor-version":[{"id":993,"href":"https:\/\/sound-of-praunheim.de\/index.php?rest_route=\/wp\/v2\/pages\/25\/revisions\/993"}],"wp:attachment":[{"href":"https:\/\/sound-of-praunheim.de\/index.php?rest_route=%2Fwp%2Fv2%2Fmedia&parent=25"}],"curies":[{"name":"wp","href":"https:\/\/api.w.org\/{rel}","templated":true}]}}