{"id":21,"date":"2018-03-17T21:30:19","date_gmt":"2018-03-17T21:30:19","guid":{"rendered":"http:\/\/sound-of-praunheim.de\/?page_id=21"},"modified":"2023-08-17T07:23:05","modified_gmt":"2023-08-17T07:23:05","slug":"maennerchor","status":"publish","type":"page","link":"https:\/\/sound-of-praunheim.de\/?page_id=21","title":{"rendered":"Der M\u00e4nnerchor"},"content":{"rendered":"<h3>Echte M\u00e4nner k\u00f6nnen Montags immer &#8230;<\/h3>\n<p>&nbsp;<\/p>\n<p>Der M\u00e4nnerchor Praunheim besteht aus ca. 25 M\u00e4nnern, die sich stets gut gelaunt dem vierstimmigen Chorgesang widmen.<\/p>\n<p>Der Schwerpunkt unserer Chorarbeit liegt auf modernem Liedgut aus Pop &amp; Rock sowie aus der Welt der leichten Muse und der Musicals. Es wird aber auch klassisches M\u00e4nnerchor-Repertoire einstudiert. Alles passend zur Jahreszeit und zum Anlass.<\/p>\n<p>Unser gesamtes Repertoire pr\u00e4sentieren wir einem breiten Publikum in Form von variantenreichen Konzerten. Eine besondere Rolle spielen dabei f\u00fcr uns gesangsbegleitende Choreographien, die wir f\u00fcr diverse Titel unseres Repertoires erarbeiten und sie dann auch auf die B\u00fchne bringen.<\/p>\n<p><a href=\"https:\/\/sound-of-praunheim.de\/wp-content\/uploads\/2018\/03\/DSC_6236-SOP.jpg\"><img loading=\"lazy\" decoding=\"async\" class=\" wp-image-14 alignleft\" src=\"https:\/\/sound-of-praunheim.de\/wp-content\/uploads\/2018\/03\/DSC_6236-SOP-300x200.jpg\" alt=\"\" width=\"306\" height=\"204\" srcset=\"https:\/\/sound-of-praunheim.de\/wp-content\/uploads\/2018\/03\/DSC_6236-SOP-300x200.jpg 300w, https:\/\/sound-of-praunheim.de\/wp-content\/uploads\/2018\/03\/DSC_6236-SOP-768x513.jpg 768w, https:\/\/sound-of-praunheim.de\/wp-content\/uploads\/2018\/03\/DSC_6236-SOP-1024x684.jpg 1024w, https:\/\/sound-of-praunheim.de\/wp-content\/uploads\/2018\/03\/DSC_6236-SOP.jpg 1600w\" sizes=\"auto, (max-width: 306px) 100vw, 306px\" \/><\/a><\/p>\n<p>&nbsp;<\/p>\n<p>&nbsp;<\/p>\n<p>&nbsp;<\/p>\n<p>&nbsp;<\/p>\n<p>&nbsp;<\/p>\n<p>&nbsp;<\/p>\n<p>&nbsp;<br \/>\nDer M\u00e4nnerchor nimmt gerne noch S\u00e4nger auf. Wer also Lust hat bei uns mitzumachen ist herzlich willkommen.<\/p>\n<h4><span style=\"color: #ff0000;\"><strong>Seit September 2021 hatten wir 6 Neuzug\u00e4nge, die trotz der aktuellen Lage unsere musikalische Gemeinschaft gesucht und gefunden haben.&nbsp;<\/strong><\/span><\/h4>\n<p>Du k\u00f6nntest der N\u00e4chste sein. Wir freuen uns auf Dich.<\/p>\n<p>&nbsp;<\/p>\n<p><strong>Wir<\/strong><strong> haben Dir auch&nbsp;Einiges zu bieten.<\/strong><\/p>\n<ul>\n<li>Wir bieten Deiner M\u00e4nnerstimme ein musikalisches Zuhause (B\u00e4sse und Ten\u00f6re)<\/li>\n<li>Wir erarbeiten uns mit Dir ein vielseitiges und mehrsprachiges Repertoire<\/li>\n<li>Mit uns wirst Du tolle Konzerte erleben<\/li>\n<li>Vom Hausarzt empfohlen: der Chorgesang wird Deine geistige und k\u00f6rperliche Fitness f\u00f6rdern<\/li>\n<\/ul>\n<p>&nbsp;<\/p>\n<p>Wir sind eine humorvolle Gemeinschaft, die Dich gerne in ihrer Mitte aufnehmen m\u00f6chte. Runter vom Sofa, das Leben findet drau\u00dfen statt.&nbsp;<\/p>\n<h4><span style=\"color: #ff0000;\"><strong>Komm einfach mal zum Schnuppern vorbei !<\/strong><\/span><\/h4>\n<p>Wir proben immer Montags um 20:00 Uhr im Saal der Christ-K\u00f6nig-Gemeinde \/ Damaschkeanger 156 \/ 60488 Frankfurt-Praunheim.<\/p>\n<p>&nbsp;<\/p>\n<p>&nbsp;<\/p>\n<h1>Happy Singers<\/h1>\n<p>Die Happy Singers sind eine Untergruppierung des M\u00e4nnerchores und widmen sich vorangig dem unterhaltenden Chorgesang.<\/p>\n<p>Sie bestehen aus ca. 10 &#8211; 15 M\u00e4nnern und studieren vor allem flotte Arrangements wie z.B. Beatles \/ ABBA \/ Robbie Williams und Deutschen Schlager ein.<\/p>\n<p>Wenn Du Dich als neuer Mits\u00e4nger f\u00fcr die Happy Singers interessierst, dann darfst Du herzlich gerne jederzeit bei uns reinschnuppern. <a href=\"https:\/\/sound-of-praunheim.de\/?page_id=24\">(Sing mit uns)<\/a><\/p>\n<p>Mit ihrem breitgef\u00e4cherten Repertoire bereichern die Happy Singers aber sehr gerne auch Ihre Veranstaltung. Sofern Sie Interesse an einem Gastauftritt der Happy Singers haben finden Sie hier unsere <a href=\"https:\/\/sound-of-praunheim.de\/?page_id=26\">Kontaktdaten<\/a>.<\/p>\n<p>&nbsp;<\/p>\n<h3>&#8212;&#8212;&#8212;&#8212;&#8212;&#8212;&#8212;&#8212;&#8212;&#8212;&#8212;&#8212;&#8212;&#8212;<\/h3>\n<p>&nbsp;<\/p>\n<p><strong>Das war unser Konzert am 25.06.2022<\/strong><\/p>\n<p><a href=\"https:\/\/sound-of-praunheim.de\/wp-content\/uploads\/2022\/05\/Plakat.png\"><img loading=\"lazy\" decoding=\"async\" class=\"alignnone  wp-image-544\" src=\"https:\/\/sound-of-praunheim.de\/wp-content\/uploads\/2022\/05\/Plakat-249x300.png\" alt=\"\" width=\"412\" height=\"497\" srcset=\"https:\/\/sound-of-praunheim.de\/wp-content\/uploads\/2022\/05\/Plakat-249x300.png 249w, https:\/\/sound-of-praunheim.de\/wp-content\/uploads\/2022\/05\/Plakat.png 710w\" sizes=\"auto, (max-width: 412px) 100vw, 412px\" \/><\/a><\/p>\n<p>&nbsp;<\/p>\n<p>Der M\u00e4nnerchor Praunheim &#8230;.<\/p>\n<p><a href=\"https:\/\/sound-of-praunheim.de\/wp-content\/uploads\/2022\/11\/Foto1.jpg\"><img loading=\"lazy\" decoding=\"async\" class=\"alignnone size-medium wp-image-595\" src=\"https:\/\/sound-of-praunheim.de\/wp-content\/uploads\/2022\/11\/Foto1-300x169.jpg\" alt=\"\" width=\"300\" height=\"169\" srcset=\"https:\/\/sound-of-praunheim.de\/wp-content\/uploads\/2022\/11\/Foto1-300x169.jpg 300w, https:\/\/sound-of-praunheim.de\/wp-content\/uploads\/2022\/11\/Foto1-768x432.jpg 768w, https:\/\/sound-of-praunheim.de\/wp-content\/uploads\/2022\/11\/Foto1.jpg 1006w\" sizes=\"auto, (max-width: 300px) 100vw, 300px\" \/><\/a><\/p>\n<p><a href=\"https:\/\/sound-of-praunheim.de\/wp-content\/uploads\/2022\/11\/Foto4.jpg\"><img loading=\"lazy\" decoding=\"async\" class=\"alignnone size-medium wp-image-598\" src=\"https:\/\/sound-of-praunheim.de\/wp-content\/uploads\/2022\/11\/Foto4-300x165.jpg\" alt=\"\" width=\"300\" height=\"165\" srcset=\"https:\/\/sound-of-praunheim.de\/wp-content\/uploads\/2022\/11\/Foto4-300x165.jpg 300w, https:\/\/sound-of-praunheim.de\/wp-content\/uploads\/2022\/11\/Foto4-768x423.jpg 768w, https:\/\/sound-of-praunheim.de\/wp-content\/uploads\/2022\/11\/Foto4.jpg 917w\" sizes=\"auto, (max-width: 300px) 100vw, 300px\" \/><\/a><\/p>\n<p>&nbsp;<\/p>\n<p>&#8230; unser Solist Sergiu Stirbul &#8230;<\/p>\n<p><a href=\"https:\/\/sound-of-praunheim.de\/wp-content\/uploads\/2022\/11\/Foto2.jpg\"><img loading=\"lazy\" decoding=\"async\" class=\"alignnone size-medium wp-image-596\" src=\"https:\/\/sound-of-praunheim.de\/wp-content\/uploads\/2022\/11\/Foto2-300x269.jpg\" alt=\"\" width=\"300\" height=\"269\" srcset=\"https:\/\/sound-of-praunheim.de\/wp-content\/uploads\/2022\/11\/Foto2-300x269.jpg 300w, https:\/\/sound-of-praunheim.de\/wp-content\/uploads\/2022\/11\/Foto2.jpg 352w\" sizes=\"auto, (max-width: 300px) 100vw, 300px\" \/><\/a><\/p>\n<p>&nbsp;<\/p>\n<p>&#8230; unser Gastchor AFTERSHAVE &#8230;<\/p>\n<p><a href=\"https:\/\/sound-of-praunheim.de\/wp-content\/uploads\/2022\/11\/Foto3.jpg\"><img loading=\"lazy\" decoding=\"async\" class=\"alignnone size-medium wp-image-597\" src=\"https:\/\/sound-of-praunheim.de\/wp-content\/uploads\/2022\/11\/Foto3-300x181.jpg\" alt=\"\" width=\"300\" height=\"181\" srcset=\"https:\/\/sound-of-praunheim.de\/wp-content\/uploads\/2022\/11\/Foto3-300x181.jpg 300w, https:\/\/sound-of-praunheim.de\/wp-content\/uploads\/2022\/11\/Foto3-768x463.jpg 768w, https:\/\/sound-of-praunheim.de\/wp-content\/uploads\/2022\/11\/Foto3.jpg 850w\" sizes=\"auto, (max-width: 300px) 100vw, 300px\" \/><\/a><\/p>\n<p>&nbsp;<\/p>\n<p>&#8230; und unsere Happy Singers &#8230;<\/p>\n<p><a href=\"https:\/\/sound-of-praunheim.de\/wp-content\/uploads\/2022\/11\/Foto5.jpg\"><img loading=\"lazy\" decoding=\"async\" class=\"alignnone size-medium wp-image-599\" src=\"https:\/\/sound-of-praunheim.de\/wp-content\/uploads\/2022\/11\/Foto5-300x160.jpg\" alt=\"\" width=\"300\" height=\"160\" srcset=\"https:\/\/sound-of-praunheim.de\/wp-content\/uploads\/2022\/11\/Foto5-300x160.jpg 300w, https:\/\/sound-of-praunheim.de\/wp-content\/uploads\/2022\/11\/Foto5-768x411.jpg 768w, https:\/\/sound-of-praunheim.de\/wp-content\/uploads\/2022\/11\/Foto5.jpg 922w\" sizes=\"auto, (max-width: 300px) 100vw, 300px\" \/><\/a><\/p>\n<p><a href=\"https:\/\/sound-of-praunheim.de\/wp-content\/uploads\/2022\/11\/Foto6.jpg\"><img loading=\"lazy\" decoding=\"async\" class=\"alignnone size-medium wp-image-600\" src=\"https:\/\/sound-of-praunheim.de\/wp-content\/uploads\/2022\/11\/Foto6-300x175.jpg\" alt=\"\" width=\"300\" height=\"175\" srcset=\"https:\/\/sound-of-praunheim.de\/wp-content\/uploads\/2022\/11\/Foto6-300x175.jpg 300w, https:\/\/sound-of-praunheim.de\/wp-content\/uploads\/2022\/11\/Foto6-768x449.jpg 768w, https:\/\/sound-of-praunheim.de\/wp-content\/uploads\/2022\/11\/Foto6.jpg 857w\" sizes=\"auto, (max-width: 300px) 100vw, 300px\" \/><\/a><\/p>\n<p>&nbsp;<\/p>\n<p>Und dieses Programm wurde dargeboten:<\/p>\n<p><a href=\"https:\/\/sound-of-praunheim.de\/wp-content\/uploads\/2022\/11\/Foto7.jpg\"><img loading=\"lazy\" decoding=\"async\" class=\"alignnone  wp-image-603\" src=\"https:\/\/sound-of-praunheim.de\/wp-content\/uploads\/2022\/11\/Foto7-300x211.jpg\" alt=\"\" width=\"390\" height=\"274\" srcset=\"https:\/\/sound-of-praunheim.de\/wp-content\/uploads\/2022\/11\/Foto7-300x211.jpg 300w, https:\/\/sound-of-praunheim.de\/wp-content\/uploads\/2022\/11\/Foto7-1024x721.jpg 1024w, https:\/\/sound-of-praunheim.de\/wp-content\/uploads\/2022\/11\/Foto7-768x541.jpg 768w, https:\/\/sound-of-praunheim.de\/wp-content\/uploads\/2022\/11\/Foto7.jpg 1111w\" sizes=\"auto, (max-width: 390px) 100vw, 390px\" \/><\/a><\/p>\n<p>&nbsp;<\/p>\n","protected":false},"excerpt":{"rendered":"<p>Echte M\u00e4nner k\u00f6nnen Montags immer &#8230; &nbsp; Der M\u00e4nnerchor Praunheim besteht aus ca. 25 M\u00e4nnern, die sich stets gut gelaunt dem vierstimmigen Chorgesang widmen. Der Schwerpunkt unserer Chorarbeit liegt auf modernem Liedgut aus Pop &amp; Rock sowie aus der Welt der leichten Muse und der Musicals. Es wird aber auch klassisches M\u00e4nnerchor-Repertoire einstudiert. Alles passend [&hellip;]<\/p>\n","protected":false},"author":1,"featured_media":0,"parent":63,"menu_order":2,"comment_status":"closed","ping_status":"closed","template":"","meta":{"ngg_post_thumbnail":0,"footnotes":""},"class_list":["post-21","page","type-page","status-publish","hentry"],"_links":{"self":[{"href":"https:\/\/sound-of-praunheim.de\/index.php?rest_route=\/wp\/v2\/pages\/21","targetHints":{"allow":["GET"]}}],"collection":[{"href":"https:\/\/sound-of-praunheim.de\/index.php?rest_route=\/wp\/v2\/pages"}],"about":[{"href":"https:\/\/sound-of-praunheim.de\/index.php?rest_route=\/wp\/v2\/types\/page"}],"author":[{"embeddable":true,"href":"https:\/\/sound-of-praunheim.de\/index.php?rest_route=\/wp\/v2\/users\/1"}],"replies":[{"embeddable":true,"href":"https:\/\/sound-of-praunheim.de\/index.php?rest_route=%2Fwp%2Fv2%2Fcomments&post=21"}],"version-history":[{"count":55,"href":"https:\/\/sound-of-praunheim.de\/index.php?rest_route=\/wp\/v2\/pages\/21\/revisions"}],"predecessor-version":[{"id":795,"href":"https:\/\/sound-of-praunheim.de\/index.php?rest_route=\/wp\/v2\/pages\/21\/revisions\/795"}],"up":[{"embeddable":true,"href":"https:\/\/sound-of-praunheim.de\/index.php?rest_route=\/wp\/v2\/pages\/63"}],"wp:attachment":[{"href":"https:\/\/sound-of-praunheim.de\/index.php?rest_route=%2Fwp%2Fv2%2Fmedia&parent=21"}],"curies":[{"name":"wp","href":"https:\/\/api.w.org\/{rel}","templated":true}]}}