{"id":2,"date":"2014-04-08T12:40:13","date_gmt":"2014-04-08T12:40:13","guid":{"rendered":"http:\/\/sound-of-praunheim.de\/?page_id=2"},"modified":"2026-01-02T13:06:57","modified_gmt":"2026-01-02T13:06:57","slug":"beispiel-seite","status":"publish","type":"page","link":"https:\/\/sound-of-praunheim.de\/","title":{"rendered":"Auftakt"},"content":{"rendered":"\n<div class=\"wp-block-group is-vertical is-nowrap is-layout-flex wp-container-core-group-is-layout-fc43baa9 wp-block-group-is-layout-flex\">\n<h1>Herzlich willkommen bei Sound of Praunheim<\/h1>\n<p>Sound of Praunheim e.V. ist der Dachverein unserer vier Ch\u00f6re in Frankfurt-Praunheim:<\/p>\n<ul>\n<li><a href=\"https:\/\/sound-of-praunheim.de\/?page_id=23\">Kinderchor<\/a><\/li>\n<li><a href=\"https:\/\/sound-of-praunheim.de\/?page_id=22\">SingJorinas \/ unser Frauenchor<\/a><\/li>\n<li><a href=\"https:\/\/sound-of-praunheim.de\/?page_id=21\">M\u00e4nnerchor<\/a><\/li>\n<li><a href=\"https:\/\/sound-of-praunheim.de\/?page_id=21\">Happy Singers<\/a><\/li>\n<\/ul>\n<p>Aufbauend auf der Gr\u00fcndungshistorie des M\u00e4nnerchores im Jahre 1878 bieten wir heute ein breitgef\u00e4chertes Chorangebot, in dem sich nahezu alle Interessenten mit ihrem individuellen musikalischen Interesse wiederfinden und aktiv beteiligen k\u00f6nnen.<\/p>\n<p>F\u00fcr unsere Ch\u00f6re steht das Wirken nach au\u00dfen im Mittelpunkt der musikalischen Arbeit. Wir wollen h\u00f6rbar sein, unser Sound soll unserem Publikum Spa\u00df machen, soll unsere Zuh\u00f6rer und uns S\u00e4nger\/innen gleicherma\u00dfen mittrei\u00dfen.<\/p>\n<p>Dieses Ansinnen setzen wir mit gro\u00dfer Flexibilit\u00e4t bzgl. der verschiedenen musikalischen Stilrichtungen um. Ob Schlager, Pop, Rock oder klassisches Repertoire \u2013 wir erfreuen uns an den verschiedenen Genres und setzen diese in variantenreichen Konzertformaten um.<\/p>\n<p>Hier k\u00f6nnt ihr lesen, wer wir sind, womit wir uns derzeit in den einzelnen Ch\u00f6ren musikalisch besch\u00e4ftigen und nat\u00fcrlich wie Ihr bei uns mitmachen k\u00f6nnt. Desweiteren gibt es spannende Informationen zu bevorstehenden Terminen <a href=\"https:\/\/sound-of-praunheim.de\/?page_id=25\">Terminkalender<\/a> und unseren Aktivit\u00e4ten der k\u00fcrzeren Vergangenheit <a href=\"https:\/\/sound-of-praunheim.de\/?page_id=91\">Archiv<\/a>.<\/p>\n<p>Wir w\u00fcnschen Euch viel Vergn\u00fcgen.<\/p>\n<p><strong>&#8212;&#8212;&#8212;&#8212;&#8212;&#8212;&#8212;&#8212;&#8212;&#8212;&#8212;&#8212;&#8212;&#8212;&#8212;&#8212;&#8212;&#8212;<\/strong><\/p>\n<p><strong>Hinweis:<\/strong><\/p>\n<p>Das Archiv der vorherigen Berichte (\u00e4lter als 1 Monat) findet ihr unter <a href=\"https:\/\/sound-of-praunheim.de\/?page_id=91\">Archiv<\/a>. Viel Vergn\u00fcgen beim st\u00f6bern.<\/p>\n\n\n<\/div>\n\n\n\n\n\n<p><\/p>\n","protected":false},"excerpt":{"rendered":"<p>Herzlich willkommen bei Sound of Praunheim Sound of Praunheim e.V. ist der Dachverein unserer vier Ch\u00f6re in Frankfurt-Praunheim: Kinderchor SingJorinas \/ unser Frauenchor M\u00e4nnerchor Happy Singers Aufbauend auf der Gr\u00fcndungshistorie des M\u00e4nnerchores im Jahre 1878 bieten wir heute ein breitgef\u00e4chertes Chorangebot, in dem sich nahezu alle Interessenten mit ihrem individuellen musikalischen Interesse wiederfinden und aktiv [&hellip;]<\/p>\n","protected":false},"author":1,"featured_media":0,"parent":0,"menu_order":0,"comment_status":"closed","ping_status":"closed","template":"","meta":{"ngg_post_thumbnail":0,"footnotes":""},"class_list":["post-2","page","type-page","status-publish","hentry"],"_links":{"self":[{"href":"https:\/\/sound-of-praunheim.de\/index.php?rest_route=\/wp\/v2\/pages\/2","targetHints":{"allow":["GET"]}}],"collection":[{"href":"https:\/\/sound-of-praunheim.de\/index.php?rest_route=\/wp\/v2\/pages"}],"about":[{"href":"https:\/\/sound-of-praunheim.de\/index.php?rest_route=\/wp\/v2\/types\/page"}],"author":[{"embeddable":true,"href":"https:\/\/sound-of-praunheim.de\/index.php?rest_route=\/wp\/v2\/users\/1"}],"replies":[{"embeddable":true,"href":"https:\/\/sound-of-praunheim.de\/index.php?rest_route=%2Fwp%2Fv2%2Fcomments&post=2"}],"version-history":[{"count":158,"href":"https:\/\/sound-of-praunheim.de\/index.php?rest_route=\/wp\/v2\/pages\/2\/revisions"}],"predecessor-version":[{"id":983,"href":"https:\/\/sound-of-praunheim.de\/index.php?rest_route=\/wp\/v2\/pages\/2\/revisions\/983"}],"wp:attachment":[{"href":"https:\/\/sound-of-praunheim.de\/index.php?rest_route=%2Fwp%2Fv2%2Fmedia&parent=2"}],"curies":[{"name":"wp","href":"https:\/\/api.w.org\/{rel}","templated":true}]}}