{"id":136,"date":"2018-05-24T18:23:30","date_gmt":"2018-05-24T18:23:30","guid":{"rendered":"http:\/\/sound-of-praunheim.de\/?page_id=136"},"modified":"2025-10-29T19:16:06","modified_gmt":"2025-10-29T19:16:06","slug":"datenschutzerklaerung","status":"publish","type":"page","link":"https:\/\/sound-of-praunheim.de\/?page_id=136","title":{"rendered":"Impressum &#8211; Datenschutzerkl\u00e4rung"},"content":{"rendered":"<p><strong>Impressum<\/strong><\/p>\n<p>Sound of Praunheim e.V. ist Mitglied beim Hessischen S\u00e4ngerbund und im DCV.<\/p>\n<p>Internetverantwortlichkeit<br \/>\nSven-Heiko Bubel<br \/>\neMail: webmaster [\u00e4t] maennerchor-praunheim.de<\/p>\n<p>&nbsp;<\/p>\n<p>Haftungsausschluss<\/p>\n<p>&nbsp;<\/p>\n<p>Gesch\u00e4ftsstelle:<br \/>\nJean-Albert-Schwarz-Stra\u00dfe 9<br \/>\n60488 Frankfurt<br \/>\nTelefon: 0173-6506233<br \/>\nWeb: www.sound-of-praunheim.de<\/p>\n<p>Inhaltlich Verantwortlicher gem\u00e4\u00df \u00a7 10 Absatz 3 MDStV:<br \/>\nSound of Praunheim e.V. (Anschrift wie oben)<\/p>\n<p>Haftungshinweis:<br \/>\nTrotz sorgf\u00e4ltiger inhaltlicher Kontrolle \u00fcbernehmen wir keine Haftung f\u00fcr die Inhalte externer Links. F\u00fcr den Inhalt der verlinkten Seiten sind ausschlie\u00dflich deren Betreiber verantwortlich.<\/p>\n<p>Sound of Praunheim Praunheim e.V. bem\u00fcht sich um die Richtigkeit der auf dieser Website aufgef\u00fchrten Informationen und Daten. Obwohl Sound of Praunheim die Daten und Informationen regelm\u00e4\u00dfig aktualisiert, ist aufgrund der Vielzahl der Informationen und der technischen Merkmale des Internets eine Haftung oder Garantie f\u00fcr die Aktualit\u00e4t, Richtigkeit und Vollst\u00e4ndigkeit der zur Verf\u00fcgung gestellten Informationen und Daten ausgeschlossen. Sound of Praunheim beh\u00e4lt sich vor, ohne Ank\u00fcndigung \u00c4nderungen oder Erg\u00e4nzungen der bereitgestellten Informationen oder Daten vorzunehmen.<\/p>\n<p>Das Landgericht Hamburg hat mit Urteil vom 12. Mai 1998 entschieden, dass durch die Anbringung eines Links die Inhalte der gelinkten Seite ggf. mit zu verantworten sind. Laut Landgericht kann man durch den folgenden Hinweis, den Sound of Praunheim hiermit vorsorglich anbringt, von dieser Verantwortung entbunden werden:<\/p>\n<p>Die Haftung oder Garantie f\u00fcr die Aktualit\u00e4t, Richtigkeit und Vollst\u00e4ndigkeit aller anderen Websites, auf die mittels eines Hyperlinks verwiesen wird, ist ebenfalls ausgeschlossen. F\u00fcr den Inhalt von Websites, die mittels einer solchen Verbindung erreicht werden, ist der jeweilige Anbieter eigenverantwortlich.<\/p>\n<p>Die auf dieser Website zur Verf\u00fcgung gestellten Informationen und Daten dienen Informationszwecken. Jeder Nutzer kann sich anhand dieser Informationen und Daten einen \u00dcberblick \u00fcber Sound of Praunheim verschaffen, ohne sich auf die Aktualit\u00e4t, Richtigkeit oder Vollst\u00e4ndigkeit der Informationen oder Daten berufen oder verlassen zu k\u00f6nnen. Sound of Praunheim haftet weder f\u00fcr direkte noch indirekte Sch\u00e4den, die durch die Nutzung der Informationen oder Daten dieser Website entstehen oder entstanden sind. Durch die Nutzung der Website entstehen weder Rechte noch Pflichten f\u00fcr Sound of Praunheim bzw. der Nutzer.<\/p>\n<p>Copyright<br \/>\nDer Inhalt der Website von Sound of Praunheim ist urheberrechtlich gesch\u00fctzt. Die Vervielf\u00e4ltigung von Informationen oder Daten, insbesondere die Verwendung von Texten, Textteilen oder Bildmaterial bedarf der vorherigen Zustimmung von Sound of Praunheim. Wir bestehen bei Links darauf, dass die Web-Seiten von Sound of Praunheim alleiniger Bestandteil des Browser-Fenster sind. Die Informationen d\u00fcrfen im \u00fcbrigen nicht ver\u00e4ndert oder verf\u00e4lscht werden. Bei Weitergabe oder Vervielf\u00e4ltigung bestehen wir auf die Quellenangabe.<\/p>\n<p>S\u00e4mtliche Informationen oder Daten, ihre Nutzung und die Anmeldung zur Website von Sound of Praunheim sowie s\u00e4mtliches mit der Website von Sound of Praunheim zusammenh\u00e4ngendes Tun, Dulden oder Unterlassen unterliegen ausschlie\u00dflich deutschem Recht. Erf\u00fcllungsort und ausschlie\u00dflicher Gerichtsstand ist Frankfurt.<\/p>\n<p>&nbsp;<\/p>\n<p>&nbsp;<\/p>\n<p><strong>Datenschutzerkl\u00e4rung <\/strong><\/p>\n<p>&nbsp;<\/p>\n<p>Die vorliegende Datenschutzerkl\u00e4rung ist g\u00fcltig ab dem 25.05.2018.<\/p>\n<p>&nbsp;<\/p>\n<p>Der Verein <strong>Sound of Praunheim e.V.<\/strong> nimmt Ihre Privatsph\u00e4re und den Schutz Ihrer personenbezogenen Daten ernst. Unter Beachtung der datenschutzrechtlichen Vorschriften verarbeiten wir Ihre personenbezogenen Daten nur, wenn uns eine gesetzliche Vorschrift dies erlaubt oder wenn Sie Ihre Einwilligung erkl\u00e4rt haben. In dieser Datenschutzerkl\u00e4rung werden die Erhebung, Verwendung, Weitergabe, Speicherung und der Schutz Ihrer personenbezogenen Daten beschrieben.<\/p>\n<p><strong>&nbsp;<\/strong><\/p>\n<p><strong>Allgemeines <\/strong><\/p>\n<p>&nbsp;<\/p>\n<p>Der Verein <strong>Sound of Praunheim e.V., Gesch\u00e4ftsstelle: Jean-Albert-Schwarz-Stra\u00dfe 9, 60488 Frankfurt <\/strong>&nbsp;ist verantwortlich f\u00fcr die Erhebung, Nutzung, Weitergabe, Speicherung und den Schutz Ihrer personenbezogenen Daten in Einklang mit dem anwendbaren Recht im Sinne der europ\u00e4ischen Datenschutzgrundverordnung (DSGVO).<\/p>\n<p>&nbsp;<\/p>\n<p>In Verbindung mit Datenschutzfragen erreichen Sie uns unter info@sound-of-praunheim.de.<\/p>\n<p>&nbsp;<\/p>\n<p>In dieser Datenschutzerkl\u00e4rung werden die Erhebung, Nutzung, Weitergabe, Speicherung und der Schutz Ihrer personenbezogenen Daten beschrieben. Sie gilt f\u00fcr alle Anwendungsf\u00e4lle, die im Rahmen unserer Vereinsaktivit\u00e4ten relevant sind.<\/p>\n<p><strong>&nbsp;<\/strong><\/p>\n<p><strong>\u00c4nderungen dieser Datenschutzerkl\u00e4rung<\/strong><\/p>\n<p>&nbsp;<\/p>\n<p>Wir k\u00f6nnen diese Datenschutzerkl\u00e4rung jederzeit \u00e4ndern, indem wir die ge\u00e4nderte Version auf unserer Website (www.sound-of-praunheim.de) ver\u00f6ffentlichen. Wir werden Ihnen alle wesentlichen \u00c4nderungen dieser Datenschutzerkl\u00e4rung bekannt geben.<\/p>\n<p><strong>&nbsp;<\/strong><\/p>\n<p><strong>Welche Datenschutzrechte haben Sie &nbsp;<\/strong><\/p>\n<p><strong>&nbsp;<\/strong><\/p>\n<p>Jede betroffene Person hat das Recht auf Auskunft nach Artikel 15 DSGVO, das Recht auf Berichtigung nach Artikel 16 DSGVO, das recht auf L\u00f6schung nach Artikel 17 DSGVO, das Recht auf Einschr\u00e4nkung der Verarbeitung nach Artikel 18 DSGVO sowie das Recht auf Widerspruch aus Artikel 21 DSGVO.<\/p>\n<p>&nbsp;<\/p>\n<p>Beim Auskunftsrecht und beim L\u00f6schungsrecht gelten die Einschr\u00e4nkungen nach \u00a7\u00a7 34 und 35 BDSG. Dar\u00fcber hinaus besteht eine Beschwerderecht bei einer zust\u00e4ndigen Datenschutzaufsichtsbeh\u00f6rde (Artikel 77 DSGVO i.V.m. \u00a7 19 BDSG)<\/p>\n<p>&nbsp;<\/p>\n<p>&nbsp;<\/p>\n<p><strong>Welche personenbezogenen Daten wir erheben <\/strong><\/p>\n<p>&nbsp;<\/p>\n<p>Folgende personenbezogene Daten erheben wir im Rahmen Ihrer Beitrittserkl\u00e4rung:<\/p>\n<p>&nbsp;<\/p>\n<p>&#8211; Name, Vorname<\/p>\n<p>&#8211; Geburtsdatum<\/p>\n<p>&#8211; Stra\u00dfe, PLZ, Ort<\/p>\n<p>&#8211; Telefon-Nr. (Festnetz und\/oder Mobil)<\/p>\n<p>&#8211; Email-Adresse<\/p>\n<p>&#8211; Name, Vorname Erziehungsberechtigte (bei Aufnahme von Kindern)<\/p>\n<p>&#8211; Art der Mitgliedschaft (\u201esingendes\u201c oder \u201ef\u00f6rderndes\u201c Mitglied)<\/p>\n<p>&#8211; Beginn der Mitgliedschaft (Monat\/Jahr)<\/p>\n<p>&nbsp;<\/p>\n<p>Dar\u00fcber hinaus dokumentieren wir offizielle Chorveranstaltungen mit digitalen Fotos, wobei wir darauf achten, keine Einzelportr\u00e4ts zu erstellen, sondern mindestens Gruppengr\u00f6\u00dfen mit mindestens 7 Personen abzubilden.<\/p>\n<p>&nbsp;<\/p>\n<p>Alle diese personenbezogenen Daten sind erforderlich, um die vereinsbezogenen Gesch\u00e4ftsaktivit\u00e4ten durchzuf\u00fchren. Die Angabe aller personenbezogenen Daten ist grunds\u00e4tzlich freiwillig, kann aber auch notwendig sein, um die richtige Einordnung in die organisatorischen Vereinsprozesse zu gew\u00e4hrleisten.<\/p>\n<p>&nbsp;<\/p>\n<p>Hinweis: Wenn Sie uns personenbezogene Daten \u00fcber eine dritte Person geben, d\u00fcrfen Sie dies nur mit deren Zustimmung tun. Sie sollten diese Person dar\u00fcber informieren, wie wir ihre personenbezogenen Daten gem\u00e4\u00df unserer Datenschutzerkl\u00e4rung verarbeiten.<\/p>\n<p>&nbsp;<\/p>\n<p>&nbsp;<\/p>\n<p>&nbsp;<\/p>\n<p><strong>Wie und zu welchen Zwecken wir Ihre personenbezogenen Daten verwenden <\/strong><\/p>\n<p>&nbsp;<\/p>\n<p>Wir verwenden Ihre personenbezogenen Daten f\u00fcr verschiedene Vereinszwecke. Nachfolgend finden Sie eine Zusammenfassung, wie wir auf Basis Ihrer<strong> Einwilligung (Art. 6 Abs. 1 lit. a) DSGVO) <\/strong>Ihre personenbezogenen Daten verwenden.<\/p>\n<p><strong>&nbsp;<\/strong><\/p>\n<p><strong>Dies umfasst die folgenden F\u00e4lle:<\/strong><\/p>\n<p>&nbsp;<\/p>\n<ul>\n<li>Wir nutzen Ihre Email-Adresse, Ihre Telefon-Nummer oder Ihre Postadresse, um Ihnen vereinsinterne Informationen oder Informationen aus unseren Mitglieds- bzw. Dachverb\u00e4nden\n<ul>\n<li>Vereinsring Praunheim und zugeh\u00f6rige Vereine<\/li>\n<li>S\u00e4ngerkreis Frankfurt und zugeh\u00f6rige Vereine<\/li>\n<li>Hessischer Chorverband<\/li>\n<\/ul>\n<\/li>\n<\/ul>\n<p>weiterzuleiten.<\/p>\n<p>&nbsp;<\/p>\n<ul>\n<li>Wir nutzen Ihre Email-Adresse, Ihre Telefon-Nummer oder Ihre Postadresse, um Ihnen aktuelle Informationen in Zusammenhang mit Ihrer Beitragszahlung (z.B. Beitragsrechnung, Erinnerung, Mahnung) zukommen zu lassen.<\/li>\n<\/ul>\n<p>&nbsp;<\/p>\n<ul>\n<li>Wir nutzen Ihr Geburtsdatum und Ihre Kategorisierung in \u201esingendes\u201c oder \u201ef\u00f6rderndes\u201c Mitglied zur Festlegung Ihres Mitgliedsbeitrags.<\/li>\n<\/ul>\n<p>&nbsp;<\/p>\n<ul>\n<li>Wir nutzen Namen und Adressen der Erziehungsberechtigten, um sie in Vertretung der Interessen unserer minderj\u00e4hrigen Mitglieder (vornehmlich Kinderchor) direkt anzusprechen.<\/li>\n<\/ul>\n<p>&nbsp;<\/p>\n<ul>\n<li>Wir nutzen Geburtsdatum und Eintrittsdatum, um entsprechende Mitglieds-Jubil\u00e4en oder runde Geburtstage zu identifizieren und ggfls. entsprechend zu w\u00fcrdigen.<\/li>\n<\/ul>\n<p>&nbsp;<\/p>\n<ul>\n<li>Wir nutzen Name, Vorname, Adresse, Geburtsdatum und Eintrittsdatum, um \u00f6ffentliche Zusch\u00fcsse (Stand und Land \/ im Wesentlichen Kinderchor) zu beantragen.<\/li>\n<\/ul>\n<p>&nbsp;<\/p>\n<ul>\n<li>Wir nutzen Name und Vorname f\u00fcr die regelm\u00e4\u00dfige Erfassung der Probenteilnahme und der Teilnahme an Konzertaktivit\u00e4ten zwecks Analyse und Planung der Singf\u00e4higkeit zu bestimmten Anl\u00e4ssen.<\/li>\n<\/ul>\n<p>&nbsp;<\/p>\n<ul>\n<li>Wir nutzen Gruppenfotos f\u00fcr die Berichterstattung unserer Vereinsaktivit\u00e4ten in unserer vereinsinternen Chorzeitung, in Verbandszeitungen und zur Erstellung von Werbung f\u00fcr zuk\u00fcnftige \u00f6ffentliche Chorveranstaltungen.<\/li>\n<\/ul>\n<p><strong>&nbsp;<\/strong><\/p>\n<p><strong>Wir verwenden Ihre personenbezogenen Daten, um unsere berechtigten Vereinsinteressen zu verfolgen, sofern Ihre Interessen oder Grundrechte und Grundfreiheiten nicht \u00fcberwiegen (Art. 6 Abs. 1 lit. f) DSGVO). <\/strong><\/p>\n<p>&nbsp;<\/p>\n<p>Sie haben das Recht, Ihre Einwilligung jederzeit zu widerrufen und Ihr Widerspruchsrecht auszu\u00fcben.<\/p>\n<p>&nbsp;<\/p>\n<p>&nbsp;<\/p>\n<p>&nbsp;<\/p>\n<p>&nbsp;<\/p>\n<p><strong>Ihre Wahlm\u00f6glichkeiten, wie wir Ihre personenbezogenen Daten nutzen d\u00fcrfen <\/strong><\/p>\n<p>&nbsp;<\/p>\n<p>Sie k\u00f6nnen festlegen, &nbsp;<\/p>\n<p>&nbsp;<\/p>\n<ul>\n<li>das wir Ihre personenbezogenen Daten <u>nicht<\/u> nutzen d\u00fcrfen<\/li>\n<\/ul>\n<p>&nbsp;<\/p>\n<ul>\n<li>das wir Ihre personenbezogenen Daten nutzen d\u00fcrfen, um alle notwendigen Aspekte der <u>internen<\/u> Vereinsaktivit\u00e4ten und aller organisatorischer Ma\u00dfnahmen abzudecken<\/li>\n<\/ul>\n<p>&nbsp;<\/p>\n<ul>\n<li>das wir Ihre personenbezogenen Daten nutzen d\u00fcrfen, um alle notwendigen Aspekte der <u>internen<\/u> und <u>externen<\/u> Vereinsaktivit\u00e4ten und aller organisatorischen Ma\u00dfnahmen abzudecken<\/li>\n<\/ul>\n<p><strong>&nbsp;<\/strong><\/p>\n<p><strong>&nbsp;<\/strong><\/p>\n<p><strong>Ihre Rechte und wie Sie auf Ihre personenbezogenen Daten zugreifen, sie kontrollieren und berichtigen k\u00f6nnen <\/strong><\/p>\n<p>&nbsp;<\/p>\n<p>Sie k\u00f6nnen Ihre personenbezogenen Daten \u00fcberpr\u00fcfen und \u00e4ndern, indem Sie den aktuellen Datensatzes zu Ihrer Person \u00fcber den Vereinsvorstand abfragen und entsprechende \u00c4nderungen\/Korrekturen beauftragen.<\/p>\n<p>&nbsp;<\/p>\n<p>Wir respektieren Ihre gesetzlichen Rechte:<\/p>\n<p>&nbsp;<\/p>\n<ul>\n<li>Sie haben das Recht zu erfahren, welche personenbezogenen Daten wir \u00fcber Sie speichern (Art. 15 DSGVO).<\/li>\n<\/ul>\n<p>&nbsp;<\/p>\n<ul>\n<li>Wir stellen Ihnen auf Anfrage eine Kopie Ihrer personenbezogenen Daten in strukturierter, gebr\u00e4uchlicher und maschinenlesbarer Form zur Verf\u00fcgung (Art. 20 DSGVO).<\/li>\n<\/ul>\n<p>&nbsp;<\/p>\n<ul>\n<li>Wenn Ihre personenbezogenen Daten unzutreffend oder unvollst\u00e4ndig sind, haben Sie das Recht, uns aufzufordern, sie zu berichtigen bzw. zu vervollst\u00e4ndigen (Art. 16 DSGVO).<\/li>\n<\/ul>\n<p>&nbsp;<\/p>\n<ul>\n<li>Sie haben das Recht, der Verarbeitung Ihrer personenbezogenen Daten jederzeit zu widersprechen.<\/li>\n<\/ul>\n<p>&nbsp;<\/p>\n<ul>\n<li>Sie k\u00f6nnen uns auch auffordern, Ihre personenbezogenen Daten zu l\u00f6schen oder einzuschr\u00e4nken. Dieses Recht wird durch geltendes Recht bestimmt.<\/li>\n<\/ul>\n<p>&nbsp;<\/p>\n<p>&nbsp;<\/p>\n<p>Wenn Sie uns auffordern, die Verarbeitung Ihrer personenbezogenen Daten ganz oder teilweise einzustellen oder Ihre Einwilligung zur Nutzung oder Weitergabe Ihrer personenbezogenen Daten f\u00fcr die in dieser Datenschutzerkl\u00e4rung genannten Zwecke widerrufen, k\u00f6nnen wir Ihnen m\u00f6glicherweise nicht alle Leistungen anbieten, die unseren Nutzern im Rahmen dieser Datenschutzerkl\u00e4rung angeboten werden.<\/p>\n<p>&nbsp;<\/p>\n<p>Auf Ihren Wunsch hin werden wir Ihr Konto schlie\u00dfen und Ihre personenbezogenen Daten so schnell wie m\u00f6glich, basierend auf Ihrer Kontoaktivit\u00e4t und in \u00dcbereinstimmung mit dem anwendbaren Recht, l\u00f6schen.<\/p>\n<p>&nbsp;<\/p>\n<p>&nbsp;<\/p>\n<p><strong>In welchen F\u00e4llen wir Ihre personenbezogenen Daten weitergeben <\/strong><\/p>\n<p>&nbsp;<\/p>\n<p>Wir k\u00f6nnen Ihre personenbezogenen Daten weitergeben an:<\/p>\n<p><strong>&nbsp;<\/strong><\/p>\n<p><strong>An Dachverb\u00e4nde<\/strong> im Rahmen von statistischen Erhebungen (nur im Einzelfall, in der Regel erfolgen diese Angaben anonymisiert)<\/p>\n<p><strong>&nbsp;<\/strong><\/p>\n<p><strong>An \u00f6ffentliche Stellen <\/strong>in Zusammenhang mit der Erlangung von zweckgebundenen Zusch\u00fcssen<\/p>\n<p><strong>&nbsp;<\/strong><\/p>\n<p><strong>An Strafverfolgungsbeh\u00f6rden, an Dritte im Rahmen von Gerichtsverfahren und an gesetzlich autorisierte Dritte:<\/strong><\/p>\n<p>&nbsp;<\/p>\n<ul>\n<li>Zur Einhaltung unserer gesetzlichen Verpflichtungen, zur Verteidigung von Anspr\u00fcchen, dass ein Angebot oder sonstige Inhalte Rechte Dritter verletzen, oder um die Rechte, das Eigentum oder die Sicherheit von Dritten zu sch\u00fctzen.<\/li>\n<\/ul>\n<p>&nbsp;<\/p>\n<ul>\n<li>An Strafverfolgungsbeh\u00f6rden, staatliche Stellen oder autorisierte Dritte aufgrund eines Auskunftsersuchens in Zusammenhang mit einem Ermittlungsverfahren oder dem Verdacht auf eine Straftat, eine rechtswidrige Handlung oder eine andere Handlung, aus der sich f\u00fcr uns oder Sie eine rechtliche Haftung ergeben kann. Wir werden nur Informationen offenlegen, die wir f\u00fcr die Untersuchung oder Anfrage als relevant erachten.<\/li>\n<\/ul>\n<p>&nbsp;<\/p>\n<ul>\n<li>An Rechteinhaber, die eine Vertraulichkeitsvereinbarung mit uns abgeschlossen haben, im Zusammenhang mit einer Untersuchung wegen Betrugs, Verletzung geistigen Eigentums oder einer anderen rechtswidrigen Handlung, sofern wir dies nach eigenem Ermessen f\u00fcr notwendig oder sinnvoll erachten.<\/li>\n<\/ul>\n<p>&nbsp;<\/p>\n<ul>\n<li>An Dritte, die ein Gerichtsverfahren einleiten oder an einem Gerichtsverfahren beteiligt sind, sofern sie uns eine rechtliche Anordnung, einen Gerichtsbeschluss oder eine gleichwertige rechtliche Verf\u00fcgung vorlegen, oder wenn wir in gutem Glauben davon ausgehen d\u00fcrfen, dass die Weitergabe der Daten notwendig ist, um unmittelbar drohende Gefahr f\u00fcr Leib und Leben oder finanziellen Verlust abzuwenden oder einen Verdacht auf eine rechtswidrige Handlung zu melden.<\/li>\n<\/ul>\n<p><strong>&nbsp;<\/strong><\/p>\n<p><strong>Wie lange wir Ihre personenbezogenen Daten speichern <\/strong><\/p>\n<p>&nbsp;<\/p>\n<p>Wir speichern Ihre personenbezogenen Daten so lange, wie es f\u00fcr die Bereitstellung der unseren Mitgliedern zugesagten Leistungen oder f\u00fcr andere notwendige Zwecke erforderlich ist.<\/p>\n<p>Sp\u00e4testens mit dem Vereinsaustritt und dem Abschluss aller sich aus Ihrer Mitgliedschaft ergebenden Anspr\u00fcche (z.B. ausstehende Mitgliedsbeitr\u00e4ge, R\u00fcckgabe des ausgeliehenen Notenmaterials) werden wir Ihre personenbezogenen Daten in unseren Systemen datenschutzgerecht gel\u00f6scht bzw. entsorgt.<\/p>\n<p>&nbsp;<\/p>\n<p>Lediglich die papierhaften Beitrittserkl\u00e4rungen sowie papierhafte Druckerzeugnisse (z.B. Chorzeitungen, Programmhefte, Plakate) werden zur Historisierung vereinsintern archiviert.<\/p>\n<p><strong>&nbsp;<\/strong><\/p>\n<p><strong>Cookies und \u00e4hnliche Technologien <\/strong><\/p>\n<p>&nbsp;<\/p>\n<p>Hinweis: wenn Sie unsere Website besuchen k\u00f6nnen wir oder unsere autorisierten Diensteanbieter Cookies setzen oder andere \u00e4hnliche Technologien verwenden.<\/p>\n<p><strong>&nbsp;<\/strong><\/p>\n<p><strong>Wie wir Ihre personenbezogenen Daten sch\u00fctzen <\/strong><\/p>\n<p>&nbsp;<\/p>\n<p>Wir sch\u00fctzen Ihre personenbezogenen Daten durch technische und organisatorische Sicherheitsma\u00dfnahmen, um Risiken im Zusammenhang mit deren Verlust, Missbrauch, unberechtigtem Zugriff, unberechtigter Weitergabe und \u00c4nderung zu minimieren. Hierzu setzen wir beispielsweise physische Zugriffsbeschr\u00e4nkungen f\u00fcr unsere papierhafte Dokumentenablage ein und verarbeiten Ihre Daten lediglich auf einem sog. Stand-Alone-Rechner ohne direkte Netzwerk- bzw. Web-Anbindung.<\/p>\n<p>&nbsp;<\/p>\n<p><strong>Weitere wichtige Informationen <\/strong><\/p>\n<p>&nbsp;<\/p>\n<p><strong>Ihre Verantwortung f\u00fcr personenbezogene Daten, die Sie \u00fcber uns erhalten<\/strong><\/p>\n<p>Wenn Sie mit einem anderen Nutzer korrespondieren und personenbezogene Daten des anderen Nutzers (wie Name, E-Mail-Adresse, Kontaktdetails) erhalten, sind Sie unabh\u00e4ngig von uns der Verantwortliche f\u00fcr solche Daten und m\u00fcssen die gesetzlichen Vorgaben zum Datenschutz beachten. Sie d\u00fcrfen die personenbezogenen Daten, auf die Sie Zugriff haben, nur f\u00fcr Zwecke der Abwicklung des Kontakts und der sich hieraus ggf. ergebenen Zwecke verwenden, in die der Nutzer, auf den sich die Daten beziehen, ausdr\u00fccklich eingewilligt hat. Die Verwendung personenbezogener Daten anderer Nutzer, auf die Sie f\u00fcr andere Zwecke Zugriff haben, stellt einen Versto\u00df gegen unsere Datenschutzerkl\u00e4rung dar.<\/p>\n<p>&nbsp;<\/p>\n<p><strong>Unerw\u00fcnschte und bedrohliche E-Mails<\/strong><\/p>\n<p>Wir dulden keinen Missbrauch unserer Leistungen. Sie d\u00fcrfen unsere Website nicht f\u00fcr den Versand von Spam oder anderen Inhalten verwenden, die gegen unsere Datenschutzerkl\u00e4rung versto\u00dfen. Das Senden unerw\u00fcnschter oder bedrohlicher E-Mail- oder SMS-Nachrichten stellt einen Versto\u00df gegen unsere Nutzungsbedingungen dar. Bitte melden Sie uns derartige Spam- oder betr\u00fcgerische E-Mails \u00fcber kontakt[\u00e4t]maennerchor-praunheim.de.<\/p>\n<p><strong>&nbsp;<\/strong><\/p>\n<p><strong>Datenschutzregeln Dritter<\/strong><\/p>\n<p>Diese Datenschutzerkl\u00e4rung betrifft nur die Nutzung und Weitergabe personenbezogener Daten, die wir im Zusammenhang mit der Bereitstellung unserer vereinsinternen Leistungen von Ihnen erfassen. Wenn Sie Ihre Daten an Dritte weitergeben gilt die Datenschutzerkl\u00e4rung des jeweiligen Dritten.<\/p>\n<p>&nbsp;<\/p>\n<p>Wir k\u00f6nnen die Vertraulichkeit oder Sicherheit Ihrer Daten nicht garantieren, nachdem Sie diese an einen Dritten weitergegeben haben. Daher empfehlen wir Ihnen, die Datenschutzerkl\u00e4rungen sowie die Datensicherheitsgrunds\u00e4tze Ihrer Handels- und Kommunikationspartner genau zu \u00fcberpr\u00fcfen, bevor Sie Ihre Daten weitergeben, selbst wenn dieser auf unseren Websites (z.B. Link-Liste) erw\u00e4hnt ist.<\/p>\n<p><strong>&nbsp;<\/strong><\/p>\n<p><strong>Kontaktieren Sie uns <\/strong><\/p>\n<p>&nbsp;<\/p>\n<p>Wenn Sie Fragen oder Beschwerden zu dieser Datenschutzerkl\u00e4rung haben, kontaktieren Sie uns bitte per E-Mail unter kontakt[\u00e4t]maennerchor-praunheim.de.<\/p>\n<p>&nbsp;<\/p>\n<p>Sie k\u00f6nnen sich auch schriftlich an uns wenden: Sound of Praunheim e.V., Gesch\u00e4ftsstelle: Jean-Albert-Schwarz-Stra\u00dfe 9, 60488 Frankfurt<\/p>\n<p>&nbsp;<\/p>\n<p>Ihr Recht, Beschwerden bei einer Datenschutzaufsichtsbeh\u00f6rde einzureichen, bleibt unber\u00fchrt.<\/p>\n<p>Wir hoffen, mit dieser Datenschutzerkl\u00e4rung alle evtl. bestehenden Bedenken bez\u00fcglich des Datenschutzes oder der Datennutzung in unserem Verein beantwortet zu haben.<\/p>\n","protected":false},"excerpt":{"rendered":"<p>Impressum Sound of Praunheim e.V. ist Mitglied beim Hessischen S\u00e4ngerbund und im DCV. Internetverantwortlichkeit Sven-Heiko Bubel eMail: webmaster [\u00e4t] maennerchor-praunheim.de &nbsp; Haftungsausschluss &nbsp; Gesch\u00e4ftsstelle: Jean-Albert-Schwarz-Stra\u00dfe 9 60488 Frankfurt Telefon: 0173-6506233 Web: www.sound-of-praunheim.de Inhaltlich Verantwortlicher gem\u00e4\u00df \u00a7 10 Absatz 3 MDStV: Sound of Praunheim e.V. (Anschrift wie oben) Haftungshinweis: Trotz sorgf\u00e4ltiger inhaltlicher Kontrolle \u00fcbernehmen wir keine [&hellip;]<\/p>\n","protected":false},"author":1,"featured_media":0,"parent":27,"menu_order":1,"comment_status":"closed","ping_status":"closed","template":"","meta":{"ngg_post_thumbnail":0,"footnotes":""},"class_list":["post-136","page","type-page","status-publish","hentry"],"_links":{"self":[{"href":"https:\/\/sound-of-praunheim.de\/index.php?rest_route=\/wp\/v2\/pages\/136","targetHints":{"allow":["GET"]}}],"collection":[{"href":"https:\/\/sound-of-praunheim.de\/index.php?rest_route=\/wp\/v2\/pages"}],"about":[{"href":"https:\/\/sound-of-praunheim.de\/index.php?rest_route=\/wp\/v2\/types\/page"}],"author":[{"embeddable":true,"href":"https:\/\/sound-of-praunheim.de\/index.php?rest_route=\/wp\/v2\/users\/1"}],"replies":[{"embeddable":true,"href":"https:\/\/sound-of-praunheim.de\/index.php?rest_route=%2Fwp%2Fv2%2Fcomments&post=136"}],"version-history":[{"count":7,"href":"https:\/\/sound-of-praunheim.de\/index.php?rest_route=\/wp\/v2\/pages\/136\/revisions"}],"predecessor-version":[{"id":953,"href":"https:\/\/sound-of-praunheim.de\/index.php?rest_route=\/wp\/v2\/pages\/136\/revisions\/953"}],"up":[{"embeddable":true,"href":"https:\/\/sound-of-praunheim.de\/index.php?rest_route=\/wp\/v2\/pages\/27"}],"wp:attachment":[{"href":"https:\/\/sound-of-praunheim.de\/index.php?rest_route=%2Fwp%2Fv2%2Fmedia&parent=136"}],"curies":[{"name":"wp","href":"https:\/\/api.w.org\/{rel}","templated":true}]}}